{"id":1937,"date":"2025-10-21T14:52:42","date_gmt":"2025-10-21T12:52:42","guid":{"rendered":"https:\/\/boutiquebeautyclub.ch\/prodotto\/hydramemory-rich-sorbet-cream\/"},"modified":"2025-10-21T14:52:42","modified_gmt":"2025-10-21T12:52:42","slug":"hydramemory-rich-sorbet-cream","status":"publish","type":"product","link":"https:\/\/boutiquebeautyclub.ch\/fr\/prodotto\/hydramemory-rich-sorbet-cream\/","title":{"rendered":"Hydramemory Rich Sorbet Cream"},"content":{"rendered":"","protected":false},"excerpt":{"rendered":"<p>Tu sens que ta peau est d\u00e9shydrat\u00e9e, terne et tiraille ? D\u00e9couvre la nouvelle Rich Sorbet Cream, cliniquement test\u00e9e pour augmenter la capacit\u00e9 de la peau \u00e0 s&rsquo;adapter aux diff\u00e9rentes conditions climatiques, pour une hydratation et une luminosit\u00e9 imm\u00e9diates et durables. La formule v\u00e9gane innovante est enrichie de la technologie SKIN-ADAPTIVE HYDRATION : extrait de Figue de Barbarie issue de l&rsquo;agriculture biologique r\u00e9g\u00e9n\u00e9rative, Acide Hyaluronique* Macro, et la texture sorbet biomim\u00e9tique, apportent confort et hydratation intense \u00e0 la peau, qui devient imm\u00e9diatement plus douce, lisse et lumineuse. Son packaging rechargeable est une solution durable pour r\u00e9duire l&rsquo;utilisation de mat\u00e9riaux**.<br \/>\n98,4 % d&rsquo;ingr\u00e9dients d&rsquo;origine naturelle.<br \/>\n*sodium hyaluronate **-95 % de mat\u00e9riau d&#8217;emballage utilis\u00e9 avec l&rsquo;achat de la recharge vs. produit complet<\/p>\n","protected":false},"featured_media":739,"template":"","meta":[],"product_brand":[],"product_cat":[382,383],"product_tag":[724,440,418,561,712,725,438],"class_list":{"0":"post-1937","1":"product","2":"type-product","3":"status-publish","4":"has-post-thumbnail","6":"product_cat-cosmetiques","7":"product_cat-visage","8":"product_tag-absorption-rapide-2","9":"product_tag-creme","10":"product_tag-hydratant","11":"product_tag-illuminateur","12":"product_tag-peau-douce","13":"product_tag-peau-lisse","14":"product_tag-visage","16":"first","17":"instock","18":"shipping-taxable","19":"purchasable","20":"product-type-variable","21":"has-default-attributes"},"yoast_head":"<!-- This site is optimized with the Yoast SEO plugin v27.6 - https:\/\/yoast.com\/product\/yoast-seo-wordpress\/ -->\n<title>Hydramemory Rich Sorbet Cream - Boutique Beauty Club<\/title>\n<meta name=\"robots\" content=\"index, follow, max-snippet:-1, max-image-preview:large, max-video-preview:-1\" \/>\n<link rel=\"canonical\" href=\"https:\/\/boutiquebeautyclub.ch\/fr\/prodotto\/hydramemory-rich-sorbet-cream\/\" \/>\n<meta property=\"og:locale\" content=\"fr_FR\" \/>\n<meta property=\"og:type\" content=\"article\" \/>\n<meta property=\"og:title\" content=\"Hydramemory Rich Sorbet Cream - Boutique Beauty Club\" \/>\n<meta property=\"og:description\" content=\"Tu sens que ta peau est d\u00e9shydrat\u00e9e, terne et tiraille ? D\u00e9couvre la nouvelle Rich Sorbet Cream, cliniquement test\u00e9e pour augmenter la capacit\u00e9 de la peau \u00e0 s&#039;adapter aux diff\u00e9rentes conditions climatiques, pour une hydratation et une luminosit\u00e9 imm\u00e9diates et durables. La formule v\u00e9gane innovante est enrichie de la technologie SKIN-ADAPTIVE HYDRATION : extrait de Figue de Barbarie issue de l&#039;agriculture biologique r\u00e9g\u00e9n\u00e9rative, Acide Hyaluronique* Macro, et la texture sorbet biomim\u00e9tique, apportent confort et hydratation intense \u00e0 la peau, qui devient imm\u00e9diatement plus douce, lisse et lumineuse. Son packaging rechargeable est une solution durable pour r\u00e9duire l&#039;utilisation de mat\u00e9riaux**.   98,4 % d&#039;ingr\u00e9dients d&#039;origine naturelle. *sodium hyaluronate **-95 % de mat\u00e9riau d&#039;emballage utilis\u00e9 avec l&#039;achat de la recharge vs. produit complet\" \/>\n<meta property=\"og:url\" content=\"https:\/\/boutiquebeautyclub.ch\/fr\/prodotto\/hydramemory-rich-sorbet-cream\/\" \/>\n<meta property=\"og:site_name\" content=\"Boutique Beauty Club\" \/>\n<meta property=\"article:publisher\" content=\"https:\/\/www.facebook.com\/beautyclubesteticalosone\/\" \/>\n<meta property=\"og:image\" content=\"https:\/\/boutiquebeautyclub.ch\/wp-content\/uploads\/2025\/10\/CZ0016.jpg\" \/>\n\t<meta property=\"og:image:width\" content=\"1200\" \/>\n\t<meta property=\"og:image:height\" content=\"1200\" \/>\n\t<meta property=\"og:image:type\" content=\"image\/jpeg\" \/>\n<meta name=\"twitter:card\" content=\"summary_large_image\" \/>\n<script type=\"application\/ld+json\" class=\"yoast-schema-graph\">{\"@context\":\"https:\\\/\\\/schema.org\",\"@graph\":[{\"@type\":\"WebPage\",\"@id\":\"https:\\\/\\\/boutiquebeautyclub.ch\\\/fr\\\/prodotto\\\/hydramemory-rich-sorbet-cream\\\/\",\"url\":\"https:\\\/\\\/boutiquebeautyclub.ch\\\/fr\\\/prodotto\\\/hydramemory-rich-sorbet-cream\\\/\",\"name\":\"Hydramemory Rich Sorbet Cream - Boutique Beauty Club\",\"isPartOf\":{\"@id\":\"https:\\\/\\\/boutiquebeautyclub.ch\\\/fr\\\/#website\"},\"primaryImageOfPage\":{\"@id\":\"https:\\\/\\\/boutiquebeautyclub.ch\\\/fr\\\/prodotto\\\/hydramemory-rich-sorbet-cream\\\/#primaryimage\"},\"image\":{\"@id\":\"https:\\\/\\\/boutiquebeautyclub.ch\\\/fr\\\/prodotto\\\/hydramemory-rich-sorbet-cream\\\/#primaryimage\"},\"thumbnailUrl\":\"https:\\\/\\\/boutiquebeautyclub.ch\\\/wp-content\\\/uploads\\\/2025\\\/10\\\/CZ0016.jpg\",\"datePublished\":\"2025-10-21T12:52:42+00:00\",\"breadcrumb\":{\"@id\":\"https:\\\/\\\/boutiquebeautyclub.ch\\\/fr\\\/prodotto\\\/hydramemory-rich-sorbet-cream\\\/#breadcrumb\"},\"inLanguage\":\"fr-FR\",\"potentialAction\":[{\"@type\":\"ReadAction\",\"target\":[\"https:\\\/\\\/boutiquebeautyclub.ch\\\/fr\\\/prodotto\\\/hydramemory-rich-sorbet-cream\\\/\"]}]},{\"@type\":\"ImageObject\",\"inLanguage\":\"fr-FR\",\"@id\":\"https:\\\/\\\/boutiquebeautyclub.ch\\\/fr\\\/prodotto\\\/hydramemory-rich-sorbet-cream\\\/#primaryimage\",\"url\":\"https:\\\/\\\/boutiquebeautyclub.ch\\\/wp-content\\\/uploads\\\/2025\\\/10\\\/CZ0016.jpg\",\"contentUrl\":\"https:\\\/\\\/boutiquebeautyclub.ch\\\/wp-content\\\/uploads\\\/2025\\\/10\\\/CZ0016.jpg\",\"width\":1200,\"height\":1200},{\"@type\":\"BreadcrumbList\",\"@id\":\"https:\\\/\\\/boutiquebeautyclub.ch\\\/fr\\\/prodotto\\\/hydramemory-rich-sorbet-cream\\\/#breadcrumb\",\"itemListElement\":[{\"@type\":\"ListItem\",\"position\":1,\"name\":\"Home\",\"item\":\"https:\\\/\\\/boutiquebeautyclub.ch\\\/fr\\\/\"},{\"@type\":\"ListItem\",\"position\":2,\"name\":\"Boutique\",\"item\":\"https:\\\/\\\/boutiquebeautyclub.ch\\\/fr\\\/boutique\\\/\"},{\"@type\":\"ListItem\",\"position\":3,\"name\":\"Hydramemory Rich Sorbet Cream\"}]},{\"@type\":\"WebSite\",\"@id\":\"https:\\\/\\\/boutiquebeautyclub.ch\\\/fr\\\/#website\",\"url\":\"https:\\\/\\\/boutiquebeautyclub.ch\\\/fr\\\/\",\"name\":\"Boutique Beauty Club\",\"description\":\"Il tuo punto di riferimento per la bellezza e il benessere.\",\"publisher\":{\"@id\":\"https:\\\/\\\/boutiquebeautyclub.ch\\\/fr\\\/#organization\"},\"potentialAction\":[{\"@type\":\"SearchAction\",\"target\":{\"@type\":\"EntryPoint\",\"urlTemplate\":\"https:\\\/\\\/boutiquebeautyclub.ch\\\/fr\\\/?s={search_term_string}\"},\"query-input\":{\"@type\":\"PropertyValueSpecification\",\"valueRequired\":true,\"valueName\":\"search_term_string\"}}],\"inLanguage\":\"fr-FR\"},{\"@type\":\"Organization\",\"@id\":\"https:\\\/\\\/boutiquebeautyclub.ch\\\/fr\\\/#organization\",\"name\":\"Boutique Beauty Club\",\"url\":\"https:\\\/\\\/boutiquebeautyclub.ch\\\/fr\\\/\",\"logo\":{\"@type\":\"ImageObject\",\"inLanguage\":\"fr-FR\",\"@id\":\"https:\\\/\\\/boutiquebeautyclub.ch\\\/fr\\\/#\\\/schema\\\/logo\\\/image\\\/\",\"url\":\"https:\\\/\\\/boutiquebeautyclub.ch\\\/wp-content\\\/uploads\\\/2025\\\/07\\\/logo.png\",\"contentUrl\":\"https:\\\/\\\/boutiquebeautyclub.ch\\\/wp-content\\\/uploads\\\/2025\\\/07\\\/logo.png\",\"width\":600,\"height\":248,\"caption\":\"Boutique Beauty Club\"},\"image\":{\"@id\":\"https:\\\/\\\/boutiquebeautyclub.ch\\\/fr\\\/#\\\/schema\\\/logo\\\/image\\\/\"},\"sameAs\":[\"https:\\\/\\\/www.facebook.com\\\/beautyclubesteticalosone\\\/\",\"https:\\\/\\\/www.instagram.com\\\/beautyclubestetica\\\/?hl=it\"]}]}<\/script>\n<!-- \/ Yoast SEO plugin. -->","yoast_head_json":{"title":"Hydramemory Rich Sorbet Cream - Boutique Beauty Club","robots":{"index":"index","follow":"follow","max-snippet":"max-snippet:-1","max-image-preview":"max-image-preview:large","max-video-preview":"max-video-preview:-1"},"canonical":"https:\/\/boutiquebeautyclub.ch\/fr\/prodotto\/hydramemory-rich-sorbet-cream\/","og_locale":"fr_FR","og_type":"article","og_title":"Hydramemory Rich Sorbet Cream - Boutique Beauty Club","og_description":"Tu sens que ta peau est d\u00e9shydrat\u00e9e, terne et tiraille ? D\u00e9couvre la nouvelle Rich Sorbet Cream, cliniquement test\u00e9e pour augmenter la capacit\u00e9 de la peau \u00e0 s'adapter aux diff\u00e9rentes conditions climatiques, pour une hydratation et une luminosit\u00e9 imm\u00e9diates et durables. La formule v\u00e9gane innovante est enrichie de la technologie SKIN-ADAPTIVE HYDRATION : extrait de Figue de Barbarie issue de l'agriculture biologique r\u00e9g\u00e9n\u00e9rative, Acide Hyaluronique* Macro, et la texture sorbet biomim\u00e9tique, apportent confort et hydratation intense \u00e0 la peau, qui devient imm\u00e9diatement plus douce, lisse et lumineuse. Son packaging rechargeable est une solution durable pour r\u00e9duire l'utilisation de mat\u00e9riaux**.   98,4 % d'ingr\u00e9dients d'origine naturelle. *sodium hyaluronate **-95 % de mat\u00e9riau d'emballage utilis\u00e9 avec l'achat de la recharge vs. produit complet","og_url":"https:\/\/boutiquebeautyclub.ch\/fr\/prodotto\/hydramemory-rich-sorbet-cream\/","og_site_name":"Boutique Beauty Club","article_publisher":"https:\/\/www.facebook.com\/beautyclubesteticalosone\/","og_image":[{"width":1200,"height":1200,"url":"https:\/\/boutiquebeautyclub.ch\/wp-content\/uploads\/2025\/10\/CZ0016.jpg","type":"image\/jpeg"}],"twitter_card":"summary_large_image","schema":{"@context":"https:\/\/schema.org","@graph":[{"@type":"WebPage","@id":"https:\/\/boutiquebeautyclub.ch\/fr\/prodotto\/hydramemory-rich-sorbet-cream\/","url":"https:\/\/boutiquebeautyclub.ch\/fr\/prodotto\/hydramemory-rich-sorbet-cream\/","name":"Hydramemory Rich Sorbet Cream - Boutique Beauty Club","isPartOf":{"@id":"https:\/\/boutiquebeautyclub.ch\/fr\/#website"},"primaryImageOfPage":{"@id":"https:\/\/boutiquebeautyclub.ch\/fr\/prodotto\/hydramemory-rich-sorbet-cream\/#primaryimage"},"image":{"@id":"https:\/\/boutiquebeautyclub.ch\/fr\/prodotto\/hydramemory-rich-sorbet-cream\/#primaryimage"},"thumbnailUrl":"https:\/\/boutiquebeautyclub.ch\/wp-content\/uploads\/2025\/10\/CZ0016.jpg","datePublished":"2025-10-21T12:52:42+00:00","breadcrumb":{"@id":"https:\/\/boutiquebeautyclub.ch\/fr\/prodotto\/hydramemory-rich-sorbet-cream\/#breadcrumb"},"inLanguage":"fr-FR","potentialAction":[{"@type":"ReadAction","target":["https:\/\/boutiquebeautyclub.ch\/fr\/prodotto\/hydramemory-rich-sorbet-cream\/"]}]},{"@type":"ImageObject","inLanguage":"fr-FR","@id":"https:\/\/boutiquebeautyclub.ch\/fr\/prodotto\/hydramemory-rich-sorbet-cream\/#primaryimage","url":"https:\/\/boutiquebeautyclub.ch\/wp-content\/uploads\/2025\/10\/CZ0016.jpg","contentUrl":"https:\/\/boutiquebeautyclub.ch\/wp-content\/uploads\/2025\/10\/CZ0016.jpg","width":1200,"height":1200},{"@type":"BreadcrumbList","@id":"https:\/\/boutiquebeautyclub.ch\/fr\/prodotto\/hydramemory-rich-sorbet-cream\/#breadcrumb","itemListElement":[{"@type":"ListItem","position":1,"name":"Home","item":"https:\/\/boutiquebeautyclub.ch\/fr\/"},{"@type":"ListItem","position":2,"name":"Boutique","item":"https:\/\/boutiquebeautyclub.ch\/fr\/boutique\/"},{"@type":"ListItem","position":3,"name":"Hydramemory Rich Sorbet Cream"}]},{"@type":"WebSite","@id":"https:\/\/boutiquebeautyclub.ch\/fr\/#website","url":"https:\/\/boutiquebeautyclub.ch\/fr\/","name":"Boutique Beauty Club","description":"Il tuo punto di riferimento per la bellezza e il benessere.","publisher":{"@id":"https:\/\/boutiquebeautyclub.ch\/fr\/#organization"},"potentialAction":[{"@type":"SearchAction","target":{"@type":"EntryPoint","urlTemplate":"https:\/\/boutiquebeautyclub.ch\/fr\/?s={search_term_string}"},"query-input":{"@type":"PropertyValueSpecification","valueRequired":true,"valueName":"search_term_string"}}],"inLanguage":"fr-FR"},{"@type":"Organization","@id":"https:\/\/boutiquebeautyclub.ch\/fr\/#organization","name":"Boutique Beauty Club","url":"https:\/\/boutiquebeautyclub.ch\/fr\/","logo":{"@type":"ImageObject","inLanguage":"fr-FR","@id":"https:\/\/boutiquebeautyclub.ch\/fr\/#\/schema\/logo\/image\/","url":"https:\/\/boutiquebeautyclub.ch\/wp-content\/uploads\/2025\/07\/logo.png","contentUrl":"https:\/\/boutiquebeautyclub.ch\/wp-content\/uploads\/2025\/07\/logo.png","width":600,"height":248,"caption":"Boutique Beauty Club"},"image":{"@id":"https:\/\/boutiquebeautyclub.ch\/fr\/#\/schema\/logo\/image\/"},"sameAs":["https:\/\/www.facebook.com\/beautyclubesteticalosone\/","https:\/\/www.instagram.com\/beautyclubestetica\/?hl=it"]}]}},"_links":{"self":[{"href":"https:\/\/boutiquebeautyclub.ch\/fr\/wp-json\/wp\/v2\/product\/1937","targetHints":{"allow":["GET"]}}],"collection":[{"href":"https:\/\/boutiquebeautyclub.ch\/fr\/wp-json\/wp\/v2\/product"}],"about":[{"href":"https:\/\/boutiquebeautyclub.ch\/fr\/wp-json\/wp\/v2\/types\/product"}],"wp:featuredmedia":[{"embeddable":true,"href":"https:\/\/boutiquebeautyclub.ch\/fr\/wp-json\/wp\/v2\/media\/739"}],"wp:attachment":[{"href":"https:\/\/boutiquebeautyclub.ch\/fr\/wp-json\/wp\/v2\/media?parent=1937"}],"wp:term":[{"taxonomy":"product_brand","embeddable":true,"href":"https:\/\/boutiquebeautyclub.ch\/fr\/wp-json\/wp\/v2\/product_brand?post=1937"},{"taxonomy":"product_cat","embeddable":true,"href":"https:\/\/boutiquebeautyclub.ch\/fr\/wp-json\/wp\/v2\/product_cat?post=1937"},{"taxonomy":"product_tag","embeddable":true,"href":"https:\/\/boutiquebeautyclub.ch\/fr\/wp-json\/wp\/v2\/product_tag?post=1937"}],"curies":[{"name":"wp","href":"https:\/\/api.w.org\/{rel}","templated":true}]}}