{"id":2714,"date":"2026-02-03T13:16:51","date_gmt":"2026-02-03T12:16:51","guid":{"rendered":"https:\/\/boutiquebeautyclub.ch\/prodotto\/nature-candle-abbraccio-karamell\/"},"modified":"2026-02-03T13:16:51","modified_gmt":"2026-02-03T12:16:51","slug":"nature-candle-abbraccio-karamell","status":"publish","type":"product","link":"https:\/\/boutiquebeautyclub.ch\/de\/prodotto\/nature-candle-abbraccio-karamell\/","title":{"rendered":"NATURE CANDLE &#8211; ABBRACCIO (Karamell)"},"content":{"rendered":"<ul>\n<li>Kerze aus 100% pflanzlichem Wachs: \u00f6kologisch, nachhaltig und biologisch abbaubar, setzt keine sch\u00e4dlichen Stoffe in die Umwelt frei.<\/li>\n<li>Made in Italy: Die handwerklich hergestellten Kerzen werden alle in Italien verarbeitet, um h\u00f6chste Qualit\u00e4t zu garantieren.<\/li>\n<li>Sichere Komponenten: Sorgf\u00e4ltig ausgew\u00e4hlte Farbstoffe f\u00fcr Qualit\u00e4t und Sicherheit (RAL-zertifiziert). Docht aus reiner 100% nat\u00fcrlicher Baumwolle, frei von Nickel und Blei (REACH-zertifiziert). <\/li>\n<li>D\u00fcfte: Jede Kerze enth\u00e4lt 10% hochkonzentrierten Duft h\u00f6chster Qualit\u00e4t, der den IFRA-Normen zur Ungiftigkeit von Parfums entspricht.<\/li>\n<li>Maximale Sicherheit: Die Kerze erlischt automatisch, wenn ca. 1\/2 cm Wachs am Boden verbleiben.<\/li>\n<\/ul>\n<p>DUFT: KARAMELL<\/p>\n","protected":false},"excerpt":{"rendered":"<ul>\n<li>Kerze aus 100% pflanzlichem Wachs: \u00f6kologisch, nachhaltig und biologisch abbaubar, setzt keine sch\u00e4dlichen Stoffe in die Umwelt frei.<\/li>\n<li>Made in Italy: Die handwerklich hergestellten Kerzen werden alle in Italien verarbeitet, um h\u00f6chste Qualit\u00e4t zu garantieren.<\/li>\n<li>Sichere Komponenten: Sorgf\u00e4ltig ausgew\u00e4hlte Farbstoffe f\u00fcr Qualit\u00e4t und Sicherheit (RAL-zertifiziert). Docht aus reiner 100% nat\u00fcrlicher Baumwolle, frei von Nickel und Blei (REACH-zertifiziert). <\/li>\n<li>D\u00fcfte: Jede Kerze enth\u00e4lt 10% hochkonzentrierten Duft h\u00f6chster Qualit\u00e4t, der den IFRA-Normen zur Ungiftigkeit von Parfums entspricht.<\/li>\n<li>Maximale Sicherheit: Die Kerze erlischt automatisch, wenn ca. 1\/2 cm Wachs am Boden verbleiben.<\/li>\n<\/ul>\n<p>DUFT: KARAMELL<\/p>\n","protected":false},"featured_media":1375,"template":"","meta":[],"product_brand":[],"product_cat":[859,858,862,860,861],"product_tag":[],"class_list":{"0":"post-2714","1":"product","2":"type-product","3":"status-publish","4":"has-post-thumbnail","6":"product_cat-duftkerzen","7":"product_cat-home","8":"product_cat-kerzen","9":"product_cat-raumdufte","10":"product_cat-wohlbefinden","12":"first","13":"instock","14":"shipping-taxable","15":"purchasable","16":"product-type-variable"},"yoast_head":"<!-- This site is optimized with the Yoast SEO plugin v27.6 - https:\/\/yoast.com\/product\/yoast-seo-wordpress\/ -->\n<title>NATURE CANDLE - ABBRACCIO (Karamell) - Boutique Beauty Club<\/title>\n<meta name=\"robots\" content=\"index, follow, max-snippet:-1, max-image-preview:large, max-video-preview:-1\" \/>\n<link rel=\"canonical\" href=\"https:\/\/boutiquebeautyclub.ch\/de\/prodotto\/nature-candle-abbraccio-karamell\/\" \/>\n<meta property=\"og:locale\" content=\"de_DE\" \/>\n<meta property=\"og:type\" content=\"article\" \/>\n<meta property=\"og:title\" content=\"NATURE CANDLE - ABBRACCIO (Karamell) - Boutique Beauty Club\" \/>\n<meta property=\"og:description\" content=\"Kerze aus 100% pflanzlichem Wachs: \u00f6kologisch, nachhaltig und biologisch abbaubar, setzt keine sch\u00e4dlichen Stoffe in die Umwelt frei.  Made in Italy: Die handwerklich hergestellten Kerzen werden alle in Italien verarbeitet, um h\u00f6chste Qualit\u00e4t zu garantieren.  Sichere Komponenten: Sorgf\u00e4ltig ausgew\u00e4hlte Farbstoffe f\u00fcr Qualit\u00e4t und Sicherheit (RAL-zertifiziert). Docht aus reiner 100% nat\u00fcrlicher Baumwolle, frei von Nickel und Blei (REACH-zertifiziert).  D\u00fcfte: Jede Kerze enth\u00e4lt 10% hochkonzentrierten Duft h\u00f6chster Qualit\u00e4t, der den IFRA-Normen zur Ungiftigkeit von Parfums entspricht.  Maximale Sicherheit: Die Kerze erlischt automatisch, wenn ca. 1\/2 cm Wachs am Boden verbleiben. DUFT: KARAMELL\" \/>\n<meta property=\"og:url\" content=\"https:\/\/boutiquebeautyclub.ch\/de\/prodotto\/nature-candle-abbraccio-karamell\/\" \/>\n<meta property=\"og:site_name\" content=\"Boutique Beauty Club\" \/>\n<meta property=\"article:publisher\" content=\"https:\/\/www.facebook.com\/beautyclubesteticalosone\/\" \/>\n<meta property=\"og:image\" content=\"https:\/\/boutiquebeautyclub.ch\/wp-content\/uploads\/2026\/01\/ABBRACCIO-grande.jpg\" \/>\n\t<meta property=\"og:image:width\" content=\"551\" \/>\n\t<meta property=\"og:image:height\" content=\"548\" \/>\n\t<meta property=\"og:image:type\" content=\"image\/jpeg\" \/>\n<meta name=\"twitter:card\" content=\"summary_large_image\" \/>\n<script type=\"application\/ld+json\" class=\"yoast-schema-graph\">{\"@context\":\"https:\\\/\\\/schema.org\",\"@graph\":[{\"@type\":\"WebPage\",\"@id\":\"https:\\\/\\\/boutiquebeautyclub.ch\\\/de\\\/prodotto\\\/nature-candle-abbraccio-karamell\\\/\",\"url\":\"https:\\\/\\\/boutiquebeautyclub.ch\\\/de\\\/prodotto\\\/nature-candle-abbraccio-karamell\\\/\",\"name\":\"NATURE CANDLE - ABBRACCIO (Karamell) - Boutique Beauty Club\",\"isPartOf\":{\"@id\":\"https:\\\/\\\/boutiquebeautyclub.ch\\\/de\\\/#website\"},\"primaryImageOfPage\":{\"@id\":\"https:\\\/\\\/boutiquebeautyclub.ch\\\/de\\\/prodotto\\\/nature-candle-abbraccio-karamell\\\/#primaryimage\"},\"image\":{\"@id\":\"https:\\\/\\\/boutiquebeautyclub.ch\\\/de\\\/prodotto\\\/nature-candle-abbraccio-karamell\\\/#primaryimage\"},\"thumbnailUrl\":\"https:\\\/\\\/boutiquebeautyclub.ch\\\/wp-content\\\/uploads\\\/2026\\\/01\\\/ABBRACCIO-grande.jpg\",\"datePublished\":\"2026-02-03T12:16:51+00:00\",\"breadcrumb\":{\"@id\":\"https:\\\/\\\/boutiquebeautyclub.ch\\\/de\\\/prodotto\\\/nature-candle-abbraccio-karamell\\\/#breadcrumb\"},\"inLanguage\":\"de\",\"potentialAction\":[{\"@type\":\"ReadAction\",\"target\":[\"https:\\\/\\\/boutiquebeautyclub.ch\\\/de\\\/prodotto\\\/nature-candle-abbraccio-karamell\\\/\"]}]},{\"@type\":\"ImageObject\",\"inLanguage\":\"de\",\"@id\":\"https:\\\/\\\/boutiquebeautyclub.ch\\\/de\\\/prodotto\\\/nature-candle-abbraccio-karamell\\\/#primaryimage\",\"url\":\"https:\\\/\\\/boutiquebeautyclub.ch\\\/wp-content\\\/uploads\\\/2026\\\/01\\\/ABBRACCIO-grande.jpg\",\"contentUrl\":\"https:\\\/\\\/boutiquebeautyclub.ch\\\/wp-content\\\/uploads\\\/2026\\\/01\\\/ABBRACCIO-grande.jpg\",\"width\":551,\"height\":548},{\"@type\":\"BreadcrumbList\",\"@id\":\"https:\\\/\\\/boutiquebeautyclub.ch\\\/de\\\/prodotto\\\/nature-candle-abbraccio-karamell\\\/#breadcrumb\",\"itemListElement\":[{\"@type\":\"ListItem\",\"position\":1,\"name\":\"Home\",\"item\":\"https:\\\/\\\/boutiquebeautyclub.ch\\\/de\\\/\"},{\"@type\":\"ListItem\",\"position\":2,\"name\":\"Shop\",\"item\":\"https:\\\/\\\/boutiquebeautyclub.ch\\\/de\\\/shop\\\/\"},{\"@type\":\"ListItem\",\"position\":3,\"name\":\"NATURE CANDLE &#8211; ABBRACCIO (Karamell)\"}]},{\"@type\":\"WebSite\",\"@id\":\"https:\\\/\\\/boutiquebeautyclub.ch\\\/de\\\/#website\",\"url\":\"https:\\\/\\\/boutiquebeautyclub.ch\\\/de\\\/\",\"name\":\"Boutique Beauty Club\",\"description\":\"Il tuo punto di riferimento per la bellezza e il benessere.\",\"publisher\":{\"@id\":\"https:\\\/\\\/boutiquebeautyclub.ch\\\/de\\\/#organization\"},\"potentialAction\":[{\"@type\":\"SearchAction\",\"target\":{\"@type\":\"EntryPoint\",\"urlTemplate\":\"https:\\\/\\\/boutiquebeautyclub.ch\\\/de\\\/?s={search_term_string}\"},\"query-input\":{\"@type\":\"PropertyValueSpecification\",\"valueRequired\":true,\"valueName\":\"search_term_string\"}}],\"inLanguage\":\"de\"},{\"@type\":\"Organization\",\"@id\":\"https:\\\/\\\/boutiquebeautyclub.ch\\\/de\\\/#organization\",\"name\":\"Boutique Beauty Club\",\"url\":\"https:\\\/\\\/boutiquebeautyclub.ch\\\/de\\\/\",\"logo\":{\"@type\":\"ImageObject\",\"inLanguage\":\"de\",\"@id\":\"https:\\\/\\\/boutiquebeautyclub.ch\\\/de\\\/#\\\/schema\\\/logo\\\/image\\\/\",\"url\":\"https:\\\/\\\/boutiquebeautyclub.ch\\\/wp-content\\\/uploads\\\/2025\\\/07\\\/logo.png\",\"contentUrl\":\"https:\\\/\\\/boutiquebeautyclub.ch\\\/wp-content\\\/uploads\\\/2025\\\/07\\\/logo.png\",\"width\":600,\"height\":248,\"caption\":\"Boutique Beauty Club\"},\"image\":{\"@id\":\"https:\\\/\\\/boutiquebeautyclub.ch\\\/de\\\/#\\\/schema\\\/logo\\\/image\\\/\"},\"sameAs\":[\"https:\\\/\\\/www.facebook.com\\\/beautyclubesteticalosone\\\/\",\"https:\\\/\\\/www.instagram.com\\\/beautyclubestetica\\\/?hl=it\"]}]}<\/script>\n<!-- \/ Yoast SEO plugin. -->","yoast_head_json":{"title":"NATURE CANDLE - ABBRACCIO (Karamell) - Boutique Beauty Club","robots":{"index":"index","follow":"follow","max-snippet":"max-snippet:-1","max-image-preview":"max-image-preview:large","max-video-preview":"max-video-preview:-1"},"canonical":"https:\/\/boutiquebeautyclub.ch\/de\/prodotto\/nature-candle-abbraccio-karamell\/","og_locale":"de_DE","og_type":"article","og_title":"NATURE CANDLE - ABBRACCIO (Karamell) - Boutique Beauty Club","og_description":"Kerze aus 100% pflanzlichem Wachs: \u00f6kologisch, nachhaltig und biologisch abbaubar, setzt keine sch\u00e4dlichen Stoffe in die Umwelt frei.  Made in Italy: Die handwerklich hergestellten Kerzen werden alle in Italien verarbeitet, um h\u00f6chste Qualit\u00e4t zu garantieren.  Sichere Komponenten: Sorgf\u00e4ltig ausgew\u00e4hlte Farbstoffe f\u00fcr Qualit\u00e4t und Sicherheit (RAL-zertifiziert). Docht aus reiner 100% nat\u00fcrlicher Baumwolle, frei von Nickel und Blei (REACH-zertifiziert).  D\u00fcfte: Jede Kerze enth\u00e4lt 10% hochkonzentrierten Duft h\u00f6chster Qualit\u00e4t, der den IFRA-Normen zur Ungiftigkeit von Parfums entspricht.  Maximale Sicherheit: Die Kerze erlischt automatisch, wenn ca. 1\/2 cm Wachs am Boden verbleiben. DUFT: KARAMELL","og_url":"https:\/\/boutiquebeautyclub.ch\/de\/prodotto\/nature-candle-abbraccio-karamell\/","og_site_name":"Boutique Beauty Club","article_publisher":"https:\/\/www.facebook.com\/beautyclubesteticalosone\/","og_image":[{"width":551,"height":548,"url":"https:\/\/boutiquebeautyclub.ch\/wp-content\/uploads\/2026\/01\/ABBRACCIO-grande.jpg","type":"image\/jpeg"}],"twitter_card":"summary_large_image","schema":{"@context":"https:\/\/schema.org","@graph":[{"@type":"WebPage","@id":"https:\/\/boutiquebeautyclub.ch\/de\/prodotto\/nature-candle-abbraccio-karamell\/","url":"https:\/\/boutiquebeautyclub.ch\/de\/prodotto\/nature-candle-abbraccio-karamell\/","name":"NATURE CANDLE - ABBRACCIO (Karamell) - Boutique Beauty Club","isPartOf":{"@id":"https:\/\/boutiquebeautyclub.ch\/de\/#website"},"primaryImageOfPage":{"@id":"https:\/\/boutiquebeautyclub.ch\/de\/prodotto\/nature-candle-abbraccio-karamell\/#primaryimage"},"image":{"@id":"https:\/\/boutiquebeautyclub.ch\/de\/prodotto\/nature-candle-abbraccio-karamell\/#primaryimage"},"thumbnailUrl":"https:\/\/boutiquebeautyclub.ch\/wp-content\/uploads\/2026\/01\/ABBRACCIO-grande.jpg","datePublished":"2026-02-03T12:16:51+00:00","breadcrumb":{"@id":"https:\/\/boutiquebeautyclub.ch\/de\/prodotto\/nature-candle-abbraccio-karamell\/#breadcrumb"},"inLanguage":"de","potentialAction":[{"@type":"ReadAction","target":["https:\/\/boutiquebeautyclub.ch\/de\/prodotto\/nature-candle-abbraccio-karamell\/"]}]},{"@type":"ImageObject","inLanguage":"de","@id":"https:\/\/boutiquebeautyclub.ch\/de\/prodotto\/nature-candle-abbraccio-karamell\/#primaryimage","url":"https:\/\/boutiquebeautyclub.ch\/wp-content\/uploads\/2026\/01\/ABBRACCIO-grande.jpg","contentUrl":"https:\/\/boutiquebeautyclub.ch\/wp-content\/uploads\/2026\/01\/ABBRACCIO-grande.jpg","width":551,"height":548},{"@type":"BreadcrumbList","@id":"https:\/\/boutiquebeautyclub.ch\/de\/prodotto\/nature-candle-abbraccio-karamell\/#breadcrumb","itemListElement":[{"@type":"ListItem","position":1,"name":"Home","item":"https:\/\/boutiquebeautyclub.ch\/de\/"},{"@type":"ListItem","position":2,"name":"Shop","item":"https:\/\/boutiquebeautyclub.ch\/de\/shop\/"},{"@type":"ListItem","position":3,"name":"NATURE CANDLE &#8211; ABBRACCIO (Karamell)"}]},{"@type":"WebSite","@id":"https:\/\/boutiquebeautyclub.ch\/de\/#website","url":"https:\/\/boutiquebeautyclub.ch\/de\/","name":"Boutique Beauty Club","description":"Il tuo punto di riferimento per la bellezza e il benessere.","publisher":{"@id":"https:\/\/boutiquebeautyclub.ch\/de\/#organization"},"potentialAction":[{"@type":"SearchAction","target":{"@type":"EntryPoint","urlTemplate":"https:\/\/boutiquebeautyclub.ch\/de\/?s={search_term_string}"},"query-input":{"@type":"PropertyValueSpecification","valueRequired":true,"valueName":"search_term_string"}}],"inLanguage":"de"},{"@type":"Organization","@id":"https:\/\/boutiquebeautyclub.ch\/de\/#organization","name":"Boutique Beauty Club","url":"https:\/\/boutiquebeautyclub.ch\/de\/","logo":{"@type":"ImageObject","inLanguage":"de","@id":"https:\/\/boutiquebeautyclub.ch\/de\/#\/schema\/logo\/image\/","url":"https:\/\/boutiquebeautyclub.ch\/wp-content\/uploads\/2025\/07\/logo.png","contentUrl":"https:\/\/boutiquebeautyclub.ch\/wp-content\/uploads\/2025\/07\/logo.png","width":600,"height":248,"caption":"Boutique Beauty Club"},"image":{"@id":"https:\/\/boutiquebeautyclub.ch\/de\/#\/schema\/logo\/image\/"},"sameAs":["https:\/\/www.facebook.com\/beautyclubesteticalosone\/","https:\/\/www.instagram.com\/beautyclubestetica\/?hl=it"]}]}},"_links":{"self":[{"href":"https:\/\/boutiquebeautyclub.ch\/de\/wp-json\/wp\/v2\/product\/2714","targetHints":{"allow":["GET"]}}],"collection":[{"href":"https:\/\/boutiquebeautyclub.ch\/de\/wp-json\/wp\/v2\/product"}],"about":[{"href":"https:\/\/boutiquebeautyclub.ch\/de\/wp-json\/wp\/v2\/types\/product"}],"wp:featuredmedia":[{"embeddable":true,"href":"https:\/\/boutiquebeautyclub.ch\/de\/wp-json\/wp\/v2\/media\/1375"}],"wp:attachment":[{"href":"https:\/\/boutiquebeautyclub.ch\/de\/wp-json\/wp\/v2\/media?parent=2714"}],"wp:term":[{"taxonomy":"product_brand","embeddable":true,"href":"https:\/\/boutiquebeautyclub.ch\/de\/wp-json\/wp\/v2\/product_brand?post=2714"},{"taxonomy":"product_cat","embeddable":true,"href":"https:\/\/boutiquebeautyclub.ch\/de\/wp-json\/wp\/v2\/product_cat?post=2714"},{"taxonomy":"product_tag","embeddable":true,"href":"https:\/\/boutiquebeautyclub.ch\/de\/wp-json\/wp\/v2\/product_tag?post=2714"}],"curies":[{"name":"wp","href":"https:\/\/api.w.org\/{rel}","templated":true}]}}